{"id":421,"date":"2024-04-08T15:55:52","date_gmt":"2024-04-08T13:55:52","guid":{"rendered":"https:\/\/idassure.eu\/faq\/"},"modified":"2024-05-28T15:08:13","modified_gmt":"2024-05-28T13:08:13","slug":"faq","status":"publish","type":"page","link":"https:\/\/idassure.eu\/fr\/faq\/","title":{"rendered":"FAQ"},"content":{"rendered":"<div class=\"wpb-content-wrapper\"><p>[vc_row css_animation=\u00a0\u00bb\u00a0\u00bb row_type=\u00a0\u00bbrow\u00a0\u00bb use_row_as_full_screen_section=\u00a0\u00bbno\u00a0\u00bb type=\u00a0\u00bbfull_width\u00a0\u00bb angled_section=\u00a0\u00bbno\u00a0\u00bb text_align=\u00a0\u00bbleft\u00a0\u00bb background_image_as_pattern=\u00a0\u00bbwithout_pattern\u00a0\u00bb el_class=\u00a0\u00bbblue-object-page-2&Prime; z_index=\u00a0\u00bb\u00a0\u00bb][vc_column][vc_single_image image=\u00a0\u00bb66&Prime; img_size=\u00a0\u00bbfull\u00a0\u00bb qode_css_animation=\u00a0\u00bb\u00a0\u00bb][\/vc_column][\/vc_row][vc_row css_animation=\u00a0\u00bb\u00a0\u00bb row_type=\u00a0\u00bbrow\u00a0\u00bb use_row_as_full_screen_section=\u00a0\u00bbno\u00a0\u00bb type=\u00a0\u00bbgrid\u00a0\u00bb angled_section=\u00a0\u00bbno\u00a0\u00bb text_align=\u00a0\u00bbleft\u00a0\u00bb background_image_as_pattern=\u00a0\u00bbwithout_pattern\u00a0\u00bb z_index=\u00a0\u00bb\u00a0\u00bb][vc_column][vc_empty_space height=\u00a0\u00bb60px\u00a0\u00bb][vc_column_text]<\/p>\n<h1 style=\"text-align: center;\">Short Term <span style=\"color: #fab933;\">FAQ<\/span><\/h1>\n<p>[\/vc_column_text][vc_empty_space height=\u00a0\u00bb20px\u00a0\u00bb][vc_column_text]<\/p>\n<p style=\"text-align: center;\">Avez-vous besoin d\u2019aide ? Consultez notre FAQ.<\/p>\n<p>[\/vc_column_text][vc_empty_space height=\u00a0\u00bb60px\u00a0\u00bb][vc_row_inner row_type=\u00a0\u00bbrow\u00a0\u00bb type=\u00a0\u00bbfull_width\u00a0\u00bb text_align=\u00a0\u00bbleft\u00a0\u00bb css_animation=\u00a0\u00bb\u00a0\u00bb el_class=\u00a0\u00bbfaq-row\u00a0\u00bb][vc_column_inner el_class=\u00a0\u00bbfaq-box\u00a0\u00bb width=\u00a0\u00bb1\/2&Prime;][vc_column_text el_class=\u00a0\u00bbanswer\u00a0\u00bb]<\/p>\n<h4 class=\"number\">1<\/h4>\n<h4>\u00c0 qui s\u2019adresse le programme short term dive protection ?<\/h4>\n<p>[\/vc_column_text][vc_empty_space height=\u00a0\u00bb30px\u00a0\u00bb][vc_column_text el_class=\u00a0\u00bbyears-list\u00a0\u00bb]Aux centres, \u00e9coles et clubs de plong\u00e9e.[\/vc_column_text][vc_single_image image=\u00a0\u00bb67&Prime; img_size=\u00a0\u00bbfull\u00a0\u00bb qode_css_animation=\u00a0\u00bb\u00a0\u00bb][\/vc_column_inner][vc_column_inner el_class=\u00a0\u00bbfaq-box\u00a0\u00bb width=\u00a0\u00bb1\/2&Prime;][vc_column_text el_class=\u00a0\u00bbanswer\u00a0\u00bb]<\/p>\n<h4 class=\"number\">2<\/h4>\n<h4>En quoi consiste ce programme ?<\/h4>\n<p>[\/vc_column_text][vc_empty_space height=\u00a0\u00bb30px\u00a0\u00bb][vc_column_text el_class=\u00a0\u00bbyears-list\u00a0\u00bb]L\u2019inscription au programme permet aux centres de plong\u00e9e d\u2019offrir \u00e0 leurs propres clients des r\u00e9gimes d\u2019assurance de diff\u00e9rentes dur\u00e9es. La qualit\u00e9 de l\u2019assistance m\u00e9dicale est garantie par DAN Europe.[\/vc_column_text][vc_single_image image=\u00a0\u00bb67&Prime; img_size=\u00a0\u00bbfull\u00a0\u00bb qode_css_animation=\u00a0\u00bb\u00a0\u00bb][\/vc_column_inner][\/vc_row_inner][vc_row_inner row_type=\u00a0\u00bbrow\u00a0\u00bb type=\u00a0\u00bbfull_width\u00a0\u00bb text_align=\u00a0\u00bbleft\u00a0\u00bb css_animation=\u00a0\u00bb\u00a0\u00bb el_class=\u00a0\u00bbfaq-row\u00a0\u00bb][vc_column_inner el_class=\u00a0\u00bbfaq-box\u00a0\u00bb width=\u00a0\u00bb1\/2&Prime;][vc_column_text el_class=\u00a0\u00bbanswer\u00a0\u00bb]<\/p>\n<h4 class=\"number\">3<\/h4>\n<h4>Pourquoi s\u2019inscrire ?<\/h4>\n<p>[\/vc_column_text][vc_empty_space height=\u00a0\u00bb30px\u00a0\u00bb][vc_column_text el_class=\u00a0\u00bbyears-list\u00a0\u00bb]Parce qu\u2019elle offre un outil pratique pour couvrir vos clients. Au travers du num\u00e9ro d\u2019urgence de la centrale d\u2019alarme DAN Europe, disponible en permanence, et de l\u2019exp\u00e9rience de plus de 30 ans de DAN, vous pouvez leur offrir un service fiable \u00e0 des prix concurrentiels.[\/vc_column_text][vc_single_image image=\u00a0\u00bb67&Prime; img_size=\u00a0\u00bbfull\u00a0\u00bb qode_css_animation=\u00a0\u00bb\u00a0\u00bb][\/vc_column_inner][vc_column_inner el_class=\u00a0\u00bbfaq-box\u00a0\u00bb width=\u00a0\u00bb1\/2&Prime;][vc_column_text el_class=\u00a0\u00bbanswer\u00a0\u00bb]<\/p>\n<h4 class=\"number\">4<\/h4>\n<h4>Ok, je suis inscrit. que me reste-t-il \u00e0 faire ?<\/h4>\n<p>[\/vc_column_text][vc_empty_space height=\u00a0\u00bb30px\u00a0\u00bb][vc_column_text el_class=\u00a0\u00bbyears-list\u00a0\u00bb]Une fois que vous \u00eates inscrit, vous n&rsquo;avez plus qu&rsquo;\u00e0 recharger votre cr\u00e9dit. Pour ce faire, acc\u00e9dez \u00e0 la section de recharge (Top-up) de votre compte <a href=\"https:\/\/mydan.daneurope.org\/login?p_p_id=58&amp;p_p_lifecycle=0&amp;_58_redirect=%2Fgroup%2Fguest%2Fshort-term-partner\">Short Term Partner<\/a> et s\u00e9lectionnez le montant souhait\u00e9.[\/vc_column_text][vc_single_image image=\u00a0\u00bb67&Prime; img_size=\u00a0\u00bbfull\u00a0\u00bb qode_css_animation=\u00a0\u00bb\u00a0\u00bb][\/vc_column_inner][\/vc_row_inner][vc_row_inner row_type=\u00a0\u00bbrow\u00a0\u00bb type=\u00a0\u00bbfull_width\u00a0\u00bb text_align=\u00a0\u00bbleft\u00a0\u00bb css_animation=\u00a0\u00bb\u00a0\u00bb el_class=\u00a0\u00bbfaq-row\u00a0\u00bb][vc_column_inner el_class=\u00a0\u00bbfaq-box\u00a0\u00bb width=\u00a0\u00bb1\/2&Prime;][vc_column_text el_class=\u00a0\u00bbanswer\u00a0\u00bb]<\/p>\n<h4 class=\"number\">5<\/h4>\n<h4>Comment puis-je activer les r\u00e9gimes d\u2019assurance pour mes clients?<\/h4>\n<p>[\/vc_column_text][vc_empty_space height=\u00a0\u00bb30px\u00a0\u00bb][vc_column_text el_class=\u00a0\u00bbyears-list\u00a0\u00bb]Une fois que vous avez recharg\u00e9 votre cr\u00e9dit:<\/p>\n<p>&#8211;<a href=\"https:\/\/idassure.eu\/fr\/login\/\">Connectez-vous<\/a><br \/>\n-Cliquez sur \u00ab Short Term Partner \u00bb<br \/>\n-S\u00e9lectionnez la dur\u00e9e de r\u00e9gime d\u2019assurance souhait\u00e9e<br \/>\n-Ins\u00e9rez les informations personnelles de votre client<br \/>\n-Confirmez la s\u00e9lection[\/vc_column_text][vc_empty_space height=\u00a0\u00bb15px\u00a0\u00bb][vc_column_text el_class=\u00a0\u00bbyears-list\u00a0\u00bb]Le co\u00fbt du r\u00e9gime d\u2019assurance sera ensuite d\u00e9duit de votre solde actuel.[\/vc_column_text][vc_single_image image=\u00a0\u00bb67&Prime; img_size=\u00a0\u00bbfull\u00a0\u00bb qode_css_animation=\u00a0\u00bb\u00a0\u00bb][\/vc_column_inner][vc_column_inner el_class=\u00a0\u00bbfaq-box\u00a0\u00bb width=\u00a0\u00bb1\/2&Prime;][vc_column_text el_class=\u00a0\u00bbanswer\u00a0\u00bb]<\/p>\n<h4 class=\"number\">6<\/h4>\n<h4>O\u00f9 ces r\u00e9gimes d\u2019assurance sont-ils valables ?<\/h4>\n<p>[\/vc_column_text][vc_empty_space height=\u00a0\u00bb30px\u00a0\u00bb][vc_column_text el_class=\u00a0\u00bbyears-list\u00a0\u00bb]Ces r\u00e9gimes sont valables uniquement dans le pays o\u00f9 votre centre est situ\u00e9.[\/vc_column_text][vc_empty_space height=\u00a0\u00bb15px\u00a0\u00bb][vc_column_text el_class=\u00a0\u00bbyears-list\u00a0\u00bb]Seul le plan de 365 jours, disponible pour les centres de plong\u00e9e bas\u00e9s en Espagne, est valable dans le monde entier.[\/vc_column_text][vc_single_image image=\u00a0\u00bb67&Prime; img_size=\u00a0\u00bbfull\u00a0\u00bb qode_css_animation=\u00a0\u00bb\u00a0\u00bb][\/vc_column_inner][\/vc_row_inner][vc_row_inner row_type=\u00a0\u00bbrow\u00a0\u00bb type=\u00a0\u00bbfull_width\u00a0\u00bb text_align=\u00a0\u00bbleft\u00a0\u00bb css_animation=\u00a0\u00bb\u00a0\u00bb el_class=\u00a0\u00bbfaq-row\u00a0\u00bb][vc_column_inner el_class=\u00a0\u00bbfaq-box\u00a0\u00bb width=\u00a0\u00bb1\/2&Prime;][vc_column_text el_class=\u00a0\u00bbanswer\u00a0\u00bb]<\/p>\n<h4 class=\"number\">7<\/h4>\n<h4>Que re\u00e7oivent mes clients ?<\/h4>\n<p>[\/vc_column_text][vc_empty_space height=\u00a0\u00bb30px\u00a0\u00bb][vc_column_text el_class=\u00a0\u00bbyears-list\u00a0\u00bb]Ils re\u00e7oivent un e-mail de confirmation contenant un r\u00e9sum\u00e9 de la couverture d\u2019assurance qu\u2019ils ont souscrite.[\/vc_column_text][vc_single_image image=\u00a0\u00bb67&Prime; img_size=\u00a0\u00bbfull\u00a0\u00bb qode_css_animation=\u00a0\u00bb\u00a0\u00bb][\/vc_column_inner][\/vc_row_inner][\/vc_column][\/vc_row][vc_row css_animation=\u00a0\u00bb\u00a0\u00bb row_type=\u00a0\u00bbrow\u00a0\u00bb use_row_as_full_screen_section=\u00a0\u00bbno\u00a0\u00bb type=\u00a0\u00bbfull_width\u00a0\u00bb angled_section=\u00a0\u00bbno\u00a0\u00bb text_align=\u00a0\u00bbleft\u00a0\u00bb background_image_as_pattern=\u00a0\u00bbwithout_pattern\u00a0\u00bb el_class=\u00a0\u00bbyellow-object-page-2&Prime; z_index=\u00a0\u00bb19&Prime;][vc_column][vc_single_image image=\u00a0\u00bb190&Prime; img_size=\u00a0\u00bbfull\u00a0\u00bb qode_css_animation=\u00a0\u00bb\u00a0\u00bb][\/vc_column][\/vc_row]<\/p>\n<\/div>","protected":false},"excerpt":{"rendered":"<p>[vc_row css_animation=\u00a0\u00bb\u00a0\u00bb row_type=\u00a0\u00bbrow\u00a0\u00bb use_row_as_full_screen_section=\u00a0\u00bbno\u00a0\u00bb type=\u00a0\u00bbfull_width\u00a0\u00bb angled_section=\u00a0\u00bbno\u00a0\u00bb text_align=\u00a0\u00bbleft\u00a0\u00bb background_image_as_pattern=\u00a0\u00bbwithout_pattern\u00a0\u00bb el_class=\u00a0\u00bbblue-object-page-2&Prime; z_index=\u00a0\u00bb\u00a0\u00bb][vc_column][vc_single_image image=\u00a0\u00bb66&Prime; img_size=\u00a0\u00bbfull\u00a0\u00bb qode_css_animation=\u00a0\u00bb\u00a0\u00bb][\/vc_column][\/vc_row][vc_row css_animation=\u00a0\u00bb\u00a0\u00bb row_type=\u00a0\u00bbrow\u00a0\u00bb use_row_as_full_screen_section=\u00a0\u00bbno\u00a0\u00bb type=\u00a0\u00bbgrid\u00a0\u00bb angled_section=\u00a0\u00bbno\u00a0\u00bb text_align=\u00a0\u00bbleft\u00a0\u00bb background_image_as_pattern=\u00a0\u00bbwithout_pattern\u00a0\u00bb z_index=\u00a0\u00bb\u00a0\u00bb][vc_column][vc_empty_space height=\u00a0\u00bb60px\u00a0\u00bb][vc_column_text] Short Term FAQ [\/vc_column_text][vc_empty_space height=\u00a0\u00bb20px\u00a0\u00bb][vc_column_text] Avez-vous besoin d\u2019aide ? Consultez notre FAQ. [\/vc_column_text][vc_empty_space height=\u00a0\u00bb60px\u00a0\u00bb][vc_row_inner row_type=\u00a0\u00bbrow\u00a0\u00bb type=\u00a0\u00bbfull_width\u00a0\u00bb text_align=\u00a0\u00bbleft\u00a0\u00bb css_animation=\u00a0\u00bb\u00a0\u00bb el_class=\u00a0\u00bbfaq-row\u00a0\u00bb][vc_column_inner el_class=\u00a0\u00bbfaq-box\u00a0\u00bb width=\u00a0\u00bb1\/2&Prime;][vc_column_text el_class=\u00a0\u00bbanswer\u00a0\u00bb] 1&#8230;<\/p>\n","protected":false},"author":1,"featured_media":0,"parent":0,"menu_order":0,"comment_status":"closed","ping_status":"closed","template":"full_width.php","meta":{"footnotes":""},"class_list":["post-421","page","type-page","status-publish","hentry"],"_links":{"self":[{"href":"https:\/\/idassure.eu\/fr\/wp-json\/wp\/v2\/pages\/421","targetHints":{"allow":["GET"]}}],"collection":[{"href":"https:\/\/idassure.eu\/fr\/wp-json\/wp\/v2\/pages"}],"about":[{"href":"https:\/\/idassure.eu\/fr\/wp-json\/wp\/v2\/types\/page"}],"author":[{"embeddable":true,"href":"https:\/\/idassure.eu\/fr\/wp-json\/wp\/v2\/users\/1"}],"replies":[{"embeddable":true,"href":"https:\/\/idassure.eu\/fr\/wp-json\/wp\/v2\/comments?post=421"}],"version-history":[{"count":7,"href":"https:\/\/idassure.eu\/fr\/wp-json\/wp\/v2\/pages\/421\/revisions"}],"predecessor-version":[{"id":1372,"href":"https:\/\/idassure.eu\/fr\/wp-json\/wp\/v2\/pages\/421\/revisions\/1372"}],"wp:attachment":[{"href":"https:\/\/idassure.eu\/fr\/wp-json\/wp\/v2\/media?parent=421"}],"curies":[{"name":"wp","href":"https:\/\/api.w.org\/{rel}","templated":true}]}}