{"id":384,"date":"2024-04-03T16:26:44","date_gmt":"2024-04-03T14:26:44","guid":{"rendered":"https:\/\/idassure.eu\/file-a-claim\/"},"modified":"2025-09-24T14:48:46","modified_gmt":"2025-09-24T12:48:46","slug":"demande-dindemnisation","status":"publish","type":"page","link":"https:\/\/idassure.eu\/fr\/demande-dindemnisation\/","title":{"rendered":"Demande d\u2019indemnisation"},"content":{"rendered":"<div class=\"wpb-content-wrapper\"><p>[vc_row css_animation=\u00a0\u00bb\u00a0\u00bb row_type=\u00a0\u00bbrow\u00a0\u00bb use_row_as_full_screen_section=\u00a0\u00bbno\u00a0\u00bb type=\u00a0\u00bbfull_width\u00a0\u00bb angled_section=\u00a0\u00bbno\u00a0\u00bb text_align=\u00a0\u00bbleft\u00a0\u00bb background_image_as_pattern=\u00a0\u00bbwithout_pattern\u00a0\u00bb el_class=\u00a0\u00bbyellow-object-page\u00a0\u00bb z_index=\u00a0\u00bb\u00a0\u00bb][vc_column][vc_single_image image=\u00a0\u00bb61&Prime; img_size=\u00a0\u00bbfull\u00a0\u00bb qode_css_animation=\u00a0\u00bb\u00a0\u00bb][\/vc_column][\/vc_row][vc_row css_animation=\u00a0\u00bb\u00a0\u00bb row_type=\u00a0\u00bbrow\u00a0\u00bb use_row_as_full_screen_section=\u00a0\u00bbno\u00a0\u00bb type=\u00a0\u00bbgrid\u00a0\u00bb angled_section=\u00a0\u00bbno\u00a0\u00bb text_align=\u00a0\u00bbleft\u00a0\u00bb background_image_as_pattern=\u00a0\u00bbwithout_pattern\u00a0\u00bb z_index=\u00a0\u00bb\u00a0\u00bb][vc_column][vc_empty_space height=\u00a0\u00bb100px\u00a0\u00bb][vc_column_text]<\/p>\n<h1><span style=\"color: #fab933;\">Demande d\u2019indemnisation<\/span><\/h1>\n<p>[\/vc_column_text][vc_empty_space height=\u00a0\u00bb30px\u00a0\u00bb][vc_column_text]En cas de circonstances susceptibles de donner lieu \u00e0 une demande d&rsquo;indemnisation au titre de la pr\u00e9sente police d&rsquo;assurance, l&rsquo;assur\u00e9 (ou ses repr\u00e9sentants l\u00e9gaux ou personnels) doit, pour toute demande d&rsquo;indemnisation, contacter notre service des sinistres dans les plus brefs d\u00e9lais \u00e0 l&rsquo;adresse suivante :[\/vc_column_text][vc_empty_space height=\u00a0\u00bb30px\u00a0\u00bb][vc_column_text css=\u00a0\u00bb\u00a0\u00bb]<span style=\"text-decoration: underline;\">IDA Insurance Limited &#8211; Claims Department<\/span><br \/>\n<span style=\"text-decoration: underline;\">113, Kappara Business Centre, Office 402<\/span><br \/>\n<span style=\"text-decoration: underline;\">Triq Birkirkara<\/span><br \/>\n<span style=\"text-decoration: underline;\">San Gwann SGN 4197<\/span><br \/>\n<span style=\"text-decoration: underline;\">Malta<\/span><br \/>\n<span style=\"text-decoration: underline;\">Telephone: <a style=\"text-decoration: underline;\" href=\"tel:+35620161600\">+356 2016 1600<\/a><\/span><br \/>\n<span style=\"text-decoration: underline;\">Email: <a style=\"text-decoration: underline;\" href=\"mailto:claims@idassure.eu\">claims@idassure.eu<\/a><\/span>[\/vc_column_text][vc_empty_space height=\u00a0\u00bb30px\u00a0\u00bb][vc_column_text el_class=\u00a0\u00bbcustom-list\u00a0\u00bb]<\/p>\n<ol>\n<li>Fournir les d\u00e9tails des circonstances et demander un formulaire de demande d&rsquo;indemnisation en s&rsquo;assurant que votre num\u00e9ro d&rsquo;adh\u00e9rent DAN ou le num\u00e9ro de la police d&rsquo;assurance indiqu\u00e9 dans l&rsquo;annexe de la police d&rsquo;assurance est mentionn\u00e9 lorsque vous contactez le gestionnaire des sinistres.<\/li>\n<li>Compl\u00e9ter et renvoyer le formulaire de demande d&rsquo;indemnisation accompagn\u00e9 de tous les documents demand\u00e9s par nous. Toutes les demandes d&rsquo;indemnisation doivent \u00eatre justifi\u00e9es par des re\u00e7us, des examens m\u00e9dicaux, des rapports officiels, de police ou autres, selon le cas et \u00e0 la demande de l&rsquo;assureur. L&rsquo;assureur ne pourra traiter la demande qu&rsquo;une fois que tous les documents demand\u00e9s auront \u00e9t\u00e9 fournis. Veuillez noter que, dans certaines circonstances, des mesures plus imm\u00e9diates sont n\u00e9cessaires pour garantir que votre demande d&rsquo;indemnisation ne soit pas retard\u00e9e.<\/li>\n<\/ol>\n<p>[\/vc_column_text][vc_empty_space height=\u00a0\u00bb30px\u00a0\u00bb][vc_column_text]En ce qui concerne les demandes de remboursement de frais m\u00e9dicaux, l&rsquo;assureur doit \u00eatre pr\u00e9venu par l&rsquo;interm\u00e9diaire de son centre de gestion des urgences, ouvert 24 heures sur 24 et 7 jours sur 7 :[\/vc_column_text][vc_empty_space height=\u00a0\u00bb30px\u00a0\u00bb][vc_column_text el_class=\u00a0\u00bbcustom-list\u00a0\u00bb]<\/p>\n<ol>\n<li>au plus tard 14 jours apr\u00e8s la date de l&rsquo;\u00e9v\u00e9nement ou de la premi\u00e8re occurrence pour les \u00e9v\u00e9nements continus ou, pour les \u00e9v\u00e9nements survenant au cours d&rsquo;un voyage, dans les 14 jours suivant la date de retour. Si vous avez souscrit \u00e0 l&rsquo;option \u00ab\u00a0Travel No-Limits\u00a0\u00bb, vous devez nous notifier un sinistre dans les 14 jours suivant la date de l&rsquo;\u00e9v\u00e9nement ou de la premi\u00e8re occurrence.<\/li>\n<li>NLes demandes de remboursement de frais m\u00e9dicaux doivent \u00eatre notifi\u00e9es \u00e0 l&rsquo;assureur AVANT :<br \/>\n<span style=\"color: #fab932;\">a.<\/span> que l&rsquo;assur\u00e9 soit admis en tant que patient hospitalis\u00e9 dans un h\u00f4pital, une clinique ou un centre de convalescence ;<br \/>\n<span style=\"color: #fab932;\">b.<\/span> que toute disposition mati\u00e8re de rapatriement et\/ou d&rsquo;\u00e9vacuation ne soit prise ;<br \/>\n<span style=\"color: #fab932;\">c.<\/span> l&rsquo;enterrement, l&rsquo;incin\u00e9ration ou le transport du corps de l&rsquo;assur\u00e9 ;<br \/>\n<span style=\"color: #fab932;\">d.<\/span> que tous autres frais ne soient engag\u00e9s.<br \/>\n<span style=\"color: #fab932;\">e.<\/span> Any other costs being incurred.<\/li>\n<\/ol>\n<p>[\/vc_column_text][vc_empty_space height=\u00a0\u00bb120px\u00a0\u00bb][\/vc_column][\/vc_row][vc_row css_animation=\u00a0\u00bb\u00a0\u00bb row_type=\u00a0\u00bbrow\u00a0\u00bb use_row_as_full_screen_section=\u00a0\u00bbno\u00a0\u00bb type=\u00a0\u00bbfull_width\u00a0\u00bb angled_section=\u00a0\u00bbno\u00a0\u00bb text_align=\u00a0\u00bbleft\u00a0\u00bb background_image_as_pattern=\u00a0\u00bbwithout_pattern\u00a0\u00bb el_class=\u00a0\u00bbblue-object-page\u00a0\u00bb z_index=\u00a0\u00bb\u00a0\u00bb][vc_column][vc_single_image image=\u00a0\u00bb63&Prime; img_size=\u00a0\u00bbfull\u00a0\u00bb qode_css_animation=\u00a0\u00bb\u00a0\u00bb][\/vc_column][\/vc_row]<\/p>\n<\/div>","protected":false},"excerpt":{"rendered":"<p>[vc_row css_animation=\u00a0\u00bb\u00a0\u00bb row_type=\u00a0\u00bbrow\u00a0\u00bb use_row_as_full_screen_section=\u00a0\u00bbno\u00a0\u00bb type=\u00a0\u00bbfull_width\u00a0\u00bb angled_section=\u00a0\u00bbno\u00a0\u00bb text_align=\u00a0\u00bbleft\u00a0\u00bb background_image_as_pattern=\u00a0\u00bbwithout_pattern\u00a0\u00bb el_class=\u00a0\u00bbyellow-object-page\u00a0\u00bb z_index=\u00a0\u00bb\u00a0\u00bb][vc_column][vc_single_image image=\u00a0\u00bb61&Prime; img_size=\u00a0\u00bbfull\u00a0\u00bb qode_css_animation=\u00a0\u00bb\u00a0\u00bb][\/vc_column][\/vc_row][vc_row css_animation=\u00a0\u00bb\u00a0\u00bb row_type=\u00a0\u00bbrow\u00a0\u00bb use_row_as_full_screen_section=\u00a0\u00bbno\u00a0\u00bb type=\u00a0\u00bbgrid\u00a0\u00bb angled_section=\u00a0\u00bbno\u00a0\u00bb text_align=\u00a0\u00bbleft\u00a0\u00bb background_image_as_pattern=\u00a0\u00bbwithout_pattern\u00a0\u00bb z_index=\u00a0\u00bb\u00a0\u00bb][vc_column][vc_empty_space height=\u00a0\u00bb100px\u00a0\u00bb][vc_column_text] Demande d\u2019indemnisation [\/vc_column_text][vc_empty_space height=\u00a0\u00bb30px\u00a0\u00bb][vc_column_text]En cas de circonstances susceptibles de donner lieu \u00e0 une demande d&rsquo;indemnisation au titre de la pr\u00e9sente police d&rsquo;assurance, l&rsquo;assur\u00e9&#8230;<\/p>\n","protected":false},"author":1,"featured_media":0,"parent":0,"menu_order":0,"comment_status":"closed","ping_status":"closed","template":"full_width.php","meta":{"footnotes":""},"class_list":["post-384","page","type-page","status-publish","hentry"],"_links":{"self":[{"href":"https:\/\/idassure.eu\/fr\/wp-json\/wp\/v2\/pages\/384","targetHints":{"allow":["GET"]}}],"collection":[{"href":"https:\/\/idassure.eu\/fr\/wp-json\/wp\/v2\/pages"}],"about":[{"href":"https:\/\/idassure.eu\/fr\/wp-json\/wp\/v2\/types\/page"}],"author":[{"embeddable":true,"href":"https:\/\/idassure.eu\/fr\/wp-json\/wp\/v2\/users\/1"}],"replies":[{"embeddable":true,"href":"https:\/\/idassure.eu\/fr\/wp-json\/wp\/v2\/comments?post=384"}],"version-history":[{"count":4,"href":"https:\/\/idassure.eu\/fr\/wp-json\/wp\/v2\/pages\/384\/revisions"}],"predecessor-version":[{"id":2446,"href":"https:\/\/idassure.eu\/fr\/wp-json\/wp\/v2\/pages\/384\/revisions\/2446"}],"wp:attachment":[{"href":"https:\/\/idassure.eu\/fr\/wp-json\/wp\/v2\/media?parent=384"}],"curies":[{"name":"wp","href":"https:\/\/api.w.org\/{rel}","templated":true}]}}