{"id":426,"date":"2024-04-08T15:55:52","date_gmt":"2024-04-08T13:55:52","guid":{"rendered":"https:\/\/idassure.eu\/faq\/"},"modified":"2024-05-28T15:09:57","modified_gmt":"2024-05-28T13:09:57","slug":"pp-ff","status":"publish","type":"page","link":"https:\/\/idassure.eu\/es\/pp-ff\/","title":{"rendered":"PP.FF."},"content":{"rendered":"<div class=\"wpb-content-wrapper\"><p>[vc_row css_animation=\u00bb\u00bb row_type=\u00bbrow\u00bb use_row_as_full_screen_section=\u00bbno\u00bb type=\u00bbfull_width\u00bb angled_section=\u00bbno\u00bb text_align=\u00bbleft\u00bb background_image_as_pattern=\u00bbwithout_pattern\u00bb el_class=\u00bbblue-object-page-2&#8243; z_index=\u00bb\u00bb][vc_column][vc_single_image image=\u00bb66&#8243; img_size=\u00bbfull\u00bb qode_css_animation=\u00bb\u00bb][\/vc_column][\/vc_row][vc_row css_animation=\u00bb\u00bb row_type=\u00bbrow\u00bb use_row_as_full_screen_section=\u00bbno\u00bb type=\u00bbgrid\u00bb angled_section=\u00bbno\u00bb text_align=\u00bbleft\u00bb background_image_as_pattern=\u00bbwithout_pattern\u00bb z_index=\u00bb\u00bb][vc_column][vc_empty_space height=\u00bb60px\u00bb][vc_column_text]<\/p>\n<h1 style=\"text-align: center;\">Short Term <span style=\"color: #fab933;\">FAQ<\/span><\/h1>\n<p>[\/vc_column_text][vc_empty_space height=\u00bb20px\u00bb][vc_column_text]<\/p>\n<p style=\"text-align: center;\">\u00bfNecesitas ayuda? Lee nuestras FAQs.<\/p>\n<p>[\/vc_column_text][vc_empty_space height=\u00bb60px\u00bb][vc_row_inner row_type=\u00bbrow\u00bb type=\u00bbfull_width\u00bb text_align=\u00bbleft\u00bb css_animation=\u00bb\u00bb el_class=\u00bbfaq-row\u00bb][vc_column_inner el_class=\u00bbfaq-box\u00bb width=\u00bb1\/2&#8243;][vc_column_text el_class=\u00bbanswer\u00bb]<\/p>\n<h4 class=\"number\">1<\/h4>\n<h4>\u00bfA qui\u00e9n va dirigido el programa short term dive protection?<\/h4>\n<p>[\/vc_column_text][vc_empty_space height=\u00bb30px\u00bb][vc_column_text el_class=\u00bbyears-list\u00bb]<\/p>\n<div class=\"list-item\">\n<div class=\"item-content\">\n<p>A los centros, escuelas, clubes y asociaciones de buceo.<\/p>\n<\/div>\n<\/div>\n<p>[\/vc_column_text][vc_single_image image=\u00bb67&#8243; img_size=\u00bbfull\u00bb qode_css_animation=\u00bb\u00bb][\/vc_column_inner][vc_column_inner el_class=\u00bbfaq-box\u00bb width=\u00bb1\/2&#8243;][vc_column_text el_class=\u00bbanswer\u00bb]<\/p>\n<h4 class=\"number\">2<\/h4>\n<h4>\u00bfEn qu\u00e9 consiste?<\/h4>\n<p>[\/vc_column_text][vc_empty_space height=\u00bb30px\u00bb][vc_column_text el_class=\u00bbyears-list\u00bb]Al adherirse a este programa, los centros de buceo pueden asegurar a sus clientes y alumnos con planes de seguro, de diferente duraci\u00f3n (1 d\u00eda, 1 semana, etc&#8230;). La calidad de la atenci\u00f3n, en caso de emergencia, est\u00e1 garantizada por DAN Europe.[\/vc_column_text][vc_single_image image=\u00bb67&#8243; img_size=\u00bbfull\u00bb qode_css_animation=\u00bb\u00bb][\/vc_column_inner][\/vc_row_inner][vc_row_inner row_type=\u00bbrow\u00bb type=\u00bbfull_width\u00bb text_align=\u00bbleft\u00bb css_animation=\u00bb\u00bb el_class=\u00bbfaq-row\u00bb][vc_column_inner el_class=\u00bbfaq-box\u00bb width=\u00bb1\/2&#8243;][vc_column_text el_class=\u00bbanswer\u00bb]<\/p>\n<h4 class=\"number\">3<\/h4>\n<h4>\u00bfPor qu\u00e9 suscribir este programa?<\/h4>\n<p>[\/vc_column_text][vc_empty_space height=\u00bb30px\u00bb][vc_column_text el_class=\u00bbyears-list\u00bb]Porque te ofrece una manera asequible de proteger a tus clientes. Gracias al n\u00famero de emergencia gratuito, podr\u00e1s acceder a la Central de Alarma de DAN Europe, disponible 24\/7 y con m\u00e1s de treinta a\u00f1os de experiencia, lo que nos permite ofrecer un servicio fiable y a precios competitivos.[\/vc_column_text][vc_single_image image=\u00bb67&#8243; img_size=\u00bbfull\u00bb qode_css_animation=\u00bb\u00bb][\/vc_column_inner][vc_column_inner el_class=\u00bbfaq-box\u00bb width=\u00bb1\/2&#8243;][vc_column_text el_class=\u00bbanswer\u00bb]<\/p>\n<h4 class=\"number\">4<\/h4>\n<h4>Est\u00e1 bien, ya me he inscrito. \u00bfy ahora?<\/h4>\n<p>[\/vc_column_text][vc_empty_space height=\u00bb30px\u00bb][vc_column_text el_class=\u00bbyears-list\u00bb]Ahora solo tienes que recargar tu cr\u00e9dito. Para ello, dir\u00edgete a la secci\u00f3n \u00abRecarga\u00bb de tu\u00a0<a class=\"external-link\" href=\"https:\/\/mydan.daneurope.org\/login?p_p_id=58&amp;p_p_lifecycle=0&amp;_58_redirect=%2Fgroup%2Fguest%2Fshort-term-partner\">cuenta Short Term Partner<\/a>\u00a0y selecciona el importe que deseas cargar.[\/vc_column_text][vc_single_image image=\u00bb67&#8243; img_size=\u00bbfull\u00bb qode_css_animation=\u00bb\u00bb][\/vc_column_inner][\/vc_row_inner][vc_row_inner row_type=\u00bbrow\u00bb type=\u00bbfull_width\u00bb text_align=\u00bbleft\u00bb css_animation=\u00bb\u00bb el_class=\u00bbfaq-row\u00bb][vc_column_inner el_class=\u00bbfaq-box\u00bb width=\u00bb1\/2&#8243;][vc_column_text el_class=\u00bbanswer\u00bb]<\/p>\n<h4 class=\"number\">5<\/h4>\n<h4>\u00bfC\u00f3mo puedo activar los planes de seguro para mis clientes?<\/h4>\n<p>[\/vc_column_text][vc_empty_space height=\u00bb30px\u00bb][vc_column_text el_class=\u00bbyears-list\u00bb]Una vez recargado tu cr\u00e9dito:<\/p>\n<p>&#8211;<a href=\"https:\/\/idassure.eu\/es\/login\/\">Entra<\/a> en tu cuenta<br \/>\n-Clica en \u00abShort Term Partner\u00bb<br \/>\n-Escoge la duraci\u00f3n de la cobertura<br \/>\n-Introduce los datos personales del cliente<br \/>\n-Confirma la activaci\u00f3n[\/vc_column_text][vc_empty_space height=\u00bb15px\u00bb][vc_column_text el_class=\u00bbyears-list\u00bb]En ese momento, podr\u00e1s comprobar como el coste del plan de seguros activado para tu cliente, te ser\u00e1 descontado de tu cr\u00e9dito.[\/vc_column_text][vc_single_image image=\u00bb67&#8243; img_size=\u00bbfull\u00bb qode_css_animation=\u00bb\u00bb][\/vc_column_inner][vc_column_inner el_class=\u00bbfaq-box\u00bb width=\u00bb1\/2&#8243;][vc_column_text el_class=\u00bbanswer\u00bb]<\/p>\n<h4 class=\"number\">6<\/h4>\n<h4>\u00bfD\u00f3nde son v\u00e1lidas estas coberturas de seguros?<\/h4>\n<p>[\/vc_column_text][vc_empty_space height=\u00bb30px\u00bb][vc_column_text el_class=\u00bbyears-list\u00bb]Los planes de seguros son v\u00e1lidos exclusivamente en el pa\u00eds donde est\u00e1 ubicado tu centro.[\/vc_column_text][vc_empty_space height=\u00bb15px\u00bb][vc_column_text el_class=\u00bbyears-list\u00bb]Solamente la cobertura de 365 d\u00edas, disponible para centros ubicados en Espa\u00f1a, son v\u00e1lidos en todo el mundo.[\/vc_column_text][vc_single_image image=\u00bb67&#8243; img_size=\u00bbfull\u00bb qode_css_animation=\u00bb\u00bb][\/vc_column_inner][\/vc_row_inner][vc_row_inner row_type=\u00bbrow\u00bb type=\u00bbfull_width\u00bb text_align=\u00bbleft\u00bb css_animation=\u00bb\u00bb el_class=\u00bbfaq-row\u00bb][vc_column_inner el_class=\u00bbfaq-box\u00bb width=\u00bb1\/2&#8243;][vc_column_text el_class=\u00bbanswer\u00bb]<\/p>\n<h4 class=\"number\">7<\/h4>\n<h4>\u00bfQu\u00e9 recibir\u00e1n mis clientes?<\/h4>\n<p>[\/vc_column_text][vc_empty_space height=\u00bb30px\u00bb][vc_column_text el_class=\u00bbyears-list\u00bb]Recibir\u00e1n un correo electr\u00f3nico de confirmaci\u00f3n, con un resumen de la cobertura de seguros adquirida.[\/vc_column_text][vc_single_image image=\u00bb67&#8243; img_size=\u00bbfull\u00bb qode_css_animation=\u00bb\u00bb][\/vc_column_inner][\/vc_row_inner][\/vc_column][\/vc_row][vc_row css_animation=\u00bb\u00bb row_type=\u00bbrow\u00bb use_row_as_full_screen_section=\u00bbno\u00bb type=\u00bbfull_width\u00bb angled_section=\u00bbno\u00bb text_align=\u00bbleft\u00bb background_image_as_pattern=\u00bbwithout_pattern\u00bb el_class=\u00bbyellow-object-page-2&#8243; z_index=\u00bb19&#8243;][vc_column][vc_single_image image=\u00bb190&#8243; img_size=\u00bbfull\u00bb qode_css_animation=\u00bb\u00bb][\/vc_column][\/vc_row]<\/p>\n<\/div>","protected":false},"excerpt":{"rendered":"<p>[vc_row css_animation=\u00bb\u00bb row_type=\u00bbrow\u00bb use_row_as_full_screen_section=\u00bbno\u00bb type=\u00bbfull_width\u00bb angled_section=\u00bbno\u00bb text_align=\u00bbleft\u00bb background_image_as_pattern=\u00bbwithout_pattern\u00bb el_class=\u00bbblue-object-page-2&#8243; z_index=\u00bb\u00bb][vc_column][vc_single_image image=\u00bb66&#8243; img_size=\u00bbfull\u00bb qode_css_animation=\u00bb\u00bb][\/vc_column][\/vc_row][vc_row css_animation=\u00bb\u00bb row_type=\u00bbrow\u00bb use_row_as_full_screen_section=\u00bbno\u00bb type=\u00bbgrid\u00bb angled_section=\u00bbno\u00bb text_align=\u00bbleft\u00bb background_image_as_pattern=\u00bbwithout_pattern\u00bb z_index=\u00bb\u00bb][vc_column][vc_empty_space height=\u00bb60px\u00bb][vc_column_text] Short Term FAQ [\/vc_column_text][vc_empty_space height=\u00bb20px\u00bb][vc_column_text] \u00bfNecesitas ayuda? Lee nuestras FAQs. [\/vc_column_text][vc_empty_space height=\u00bb60px\u00bb][vc_row_inner row_type=\u00bbrow\u00bb type=\u00bbfull_width\u00bb text_align=\u00bbleft\u00bb css_animation=\u00bb\u00bb el_class=\u00bbfaq-row\u00bb][vc_column_inner el_class=\u00bbfaq-box\u00bb width=\u00bb1\/2&#8243;][vc_column_text el_class=\u00bbanswer\u00bb] 1 \u00bfA qui\u00e9n&#8230;<\/p>\n","protected":false},"author":1,"featured_media":0,"parent":0,"menu_order":0,"comment_status":"closed","ping_status":"closed","template":"full_width.php","meta":{"footnotes":""},"class_list":["post-426","page","type-page","status-publish","hentry"],"_links":{"self":[{"href":"https:\/\/idassure.eu\/es\/wp-json\/wp\/v2\/pages\/426","targetHints":{"allow":["GET"]}}],"collection":[{"href":"https:\/\/idassure.eu\/es\/wp-json\/wp\/v2\/pages"}],"about":[{"href":"https:\/\/idassure.eu\/es\/wp-json\/wp\/v2\/types\/page"}],"author":[{"embeddable":true,"href":"https:\/\/idassure.eu\/es\/wp-json\/wp\/v2\/users\/1"}],"replies":[{"embeddable":true,"href":"https:\/\/idassure.eu\/es\/wp-json\/wp\/v2\/comments?post=426"}],"version-history":[{"count":7,"href":"https:\/\/idassure.eu\/es\/wp-json\/wp\/v2\/pages\/426\/revisions"}],"predecessor-version":[{"id":1374,"href":"https:\/\/idassure.eu\/es\/wp-json\/wp\/v2\/pages\/426\/revisions\/1374"}],"wp:attachment":[{"href":"https:\/\/idassure.eu\/es\/wp-json\/wp\/v2\/media?parent=426"}],"curies":[{"name":"wp","href":"https:\/\/api.w.org\/{rel}","templated":true}]}}