{"id":387,"date":"2024-04-03T16:26:44","date_gmt":"2024-04-03T14:26:44","guid":{"rendered":"https:\/\/idassure.eu\/file-a-claim\/"},"modified":"2025-09-24T14:49:14","modified_gmt":"2025-09-24T12:49:14","slug":"presentar-una-reclamacion","status":"publish","type":"page","link":"https:\/\/idassure.eu\/es\/presentar-una-reclamacion\/","title":{"rendered":"Presentar una reclamaci\u00f3n"},"content":{"rendered":"<div class=\"wpb-content-wrapper\"><p>[vc_row css_animation=\u00bb\u00bb row_type=\u00bbrow\u00bb use_row_as_full_screen_section=\u00bbno\u00bb type=\u00bbfull_width\u00bb angled_section=\u00bbno\u00bb text_align=\u00bbleft\u00bb background_image_as_pattern=\u00bbwithout_pattern\u00bb el_class=\u00bbyellow-object-page\u00bb z_index=\u00bb\u00bb][vc_column][vc_single_image image=\u00bb61&#8243; img_size=\u00bbfull\u00bb qode_css_animation=\u00bb\u00bb][\/vc_column][\/vc_row][vc_row css_animation=\u00bb\u00bb row_type=\u00bbrow\u00bb use_row_as_full_screen_section=\u00bbno\u00bb type=\u00bbgrid\u00bb angled_section=\u00bbno\u00bb text_align=\u00bbleft\u00bb background_image_as_pattern=\u00bbwithout_pattern\u00bb z_index=\u00bb\u00bb][vc_column][vc_empty_space height=\u00bb100px\u00bb][vc_column_text]<\/p>\n<h1><span style=\"color: #fab933;\">Presentar una reclamaci\u00f3n<\/span><\/h1>\n<p>[\/vc_column_text][vc_empty_space height=\u00bb30px\u00bb][vc_column_text]Si existe alguna circunstancia que pueda dar lugar a una reclamaci\u00f3n en virtud de esta p\u00f3liza, el Asegurado (o sus representantes legales o personales) deber\u00e1, con respecto a cualquier reclamaci\u00f3n, ponerse en contacto con Nuestra oficina de reclamaciones tan pronto como sea posible en:[\/vc_column_text][vc_empty_space height=\u00bb30px\u00bb][vc_column_text css=\u00bb\u00bb]<span style=\"text-decoration: underline;\">IDA Insurance Limited &#8211; Claims Department<\/span><br \/>\n<span style=\"text-decoration: underline;\">113, Kappara Business Centre, Office 402<\/span><br \/>\n<span style=\"text-decoration: underline;\">Triq Birkirkara<\/span><br \/>\n<span style=\"text-decoration: underline;\">San Gwann SGN 4197<\/span><br \/>\n<span style=\"text-decoration: underline;\">Malta<\/span><br \/>\n<span style=\"text-decoration: underline;\">Tel\u00e9fono: <a style=\"text-decoration: underline;\" href=\"tel:+35620161600\">+356 2016 1600<\/a><\/span><br \/>\n<span style=\"text-decoration: underline;\">Correo electr\u00f3nico: <a style=\"text-decoration: underline;\" href=\"mailto:claims@idassure.eu\">claims@idassure.eu<\/a><\/span>[\/vc_column_text][vc_empty_space height=\u00bb30px\u00bb][vc_column_text el_class=\u00bbcustom-list\u00bb]<\/p>\n<ol>\n<li>Proporcionar detalles de dichas circunstancias y solicitar un formulario de reclamaci\u00f3n asegur\u00e1ndose de que su n\u00famero de afiliaci\u00f3n a DAN o el n\u00famero de p\u00f3liza de seguro que figura en el Anexo de la P\u00f3liza se citan siempre que se ponga en contacto con el gestor de reclamaciones.<\/li>\n<li>Rellene y env\u00ede el formulario de reclamaci\u00f3n junto con toda la documentaci\u00f3n que le solicitemos. Todas las reclamaciones deber\u00e1n justificarse mediante recibos, valoraciones, informes m\u00e9dicos, policiales o de otro tipo, seg\u00fan proceda y lo solicite la Aseguradora. La aseguradora s\u00f3lo podr\u00e1 tramitar la reclamaci\u00f3n una vez que se haya proporcionado toda la documentaci\u00f3n solicitada. Tenga en cuenta que, en determinadas circunstancias, se requiere una actuaci\u00f3n m\u00e1s inmediata para garantizar que su reclamaci\u00f3n no se vea perjudicada.<\/li>\n<\/ol>\n<p>[\/vc_column_text][vc_empty_space height=\u00bb30px\u00bb][vc_column_text]En lo que respecta a las solicitudes de reembolso de gastos m\u00e9dicos, deber\u00e1 notificarse a la aseguradora a trav\u00e9s de su Centro Operativo de Emergencias 24 horas al d\u00eda, 7 d\u00edas a la semana:[\/vc_column_text][vc_empty_space height=\u00bb30px\u00bb][vc_column_text el_class=\u00bbcustom-list\u00bb]<\/p>\n<ol>\n<li>A m\u00e1s tardar 14 d\u00edas despu\u00e9s de la fecha del suceso, o de la primera ocurrencia para sucesos continuados o, para sucesos ocurridos durante un Viaje, dentro de los 14 d\u00edas siguientes a la fecha de regreso. Si es titular de una extensi\u00f3n \u00abViaje sin l\u00edmites\u00bb de su p\u00f3liza, deber\u00e1 notificarnos el siniestro en un plazo de 14 d\u00edas a partir de la fecha del suceso o del primer acontecimiento.<\/li>\n<li>La notificaci\u00f3n de las solicitudes de reembolso de gastos m\u00e9dicos debe realizarse a la aseguradora ANTES de:<br \/>\n<span style=\"color: #fab932;\">a.<\/span> El Asegurado sea admitido como paciente interno en cualquier hospital, cl\u00ednica o residencia de ancianos.<br \/>\n<span style=\"color: #fab932;\">b.<\/span> Se adopte cualquier medida de repatriaci\u00f3n y\/o evacuaci\u00f3n;<br \/>\n<span style=\"color: #fab932;\">c.<\/span> El entierro, cremaci\u00f3n o transporte del cuerpo del Asegurado;<br \/>\n<span style=\"color: #fab932;\">d.<\/span> Cualquier traslado hospitalario o gastos de regreso a casa;<br \/>\n<span style=\"color: #fab932;\">e.<\/span> Cualquier otro gasto en que se incurra.<\/li>\n<\/ol>\n<p>[\/vc_column_text][vc_empty_space height=\u00bb120px\u00bb][\/vc_column][\/vc_row][vc_row css_animation=\u00bb\u00bb row_type=\u00bbrow\u00bb use_row_as_full_screen_section=\u00bbno\u00bb type=\u00bbfull_width\u00bb angled_section=\u00bbno\u00bb text_align=\u00bbleft\u00bb background_image_as_pattern=\u00bbwithout_pattern\u00bb el_class=\u00bbblue-object-page\u00bb z_index=\u00bb\u00bb][vc_column][vc_single_image image=\u00bb63&#8243; img_size=\u00bbfull\u00bb qode_css_animation=\u00bb\u00bb][\/vc_column][\/vc_row]<\/p>\n<\/div>","protected":false},"excerpt":{"rendered":"<p>[vc_row css_animation=\u00bb\u00bb row_type=\u00bbrow\u00bb use_row_as_full_screen_section=\u00bbno\u00bb type=\u00bbfull_width\u00bb angled_section=\u00bbno\u00bb text_align=\u00bbleft\u00bb background_image_as_pattern=\u00bbwithout_pattern\u00bb el_class=\u00bbyellow-object-page\u00bb z_index=\u00bb\u00bb][vc_column][vc_single_image image=\u00bb61&#8243; img_size=\u00bbfull\u00bb qode_css_animation=\u00bb\u00bb][\/vc_column][\/vc_row][vc_row css_animation=\u00bb\u00bb row_type=\u00bbrow\u00bb use_row_as_full_screen_section=\u00bbno\u00bb type=\u00bbgrid\u00bb angled_section=\u00bbno\u00bb text_align=\u00bbleft\u00bb background_image_as_pattern=\u00bbwithout_pattern\u00bb z_index=\u00bb\u00bb][vc_column][vc_empty_space height=\u00bb100px\u00bb][vc_column_text] Presentar una reclamaci\u00f3n [\/vc_column_text][vc_empty_space height=\u00bb30px\u00bb][vc_column_text]Si existe alguna circunstancia que pueda dar lugar a una reclamaci\u00f3n en virtud de esta p\u00f3liza, el Asegurado (o&#8230;<\/p>\n","protected":false},"author":1,"featured_media":0,"parent":0,"menu_order":0,"comment_status":"closed","ping_status":"closed","template":"full_width.php","meta":{"footnotes":""},"class_list":["post-387","page","type-page","status-publish","hentry"],"_links":{"self":[{"href":"https:\/\/idassure.eu\/es\/wp-json\/wp\/v2\/pages\/387","targetHints":{"allow":["GET"]}}],"collection":[{"href":"https:\/\/idassure.eu\/es\/wp-json\/wp\/v2\/pages"}],"about":[{"href":"https:\/\/idassure.eu\/es\/wp-json\/wp\/v2\/types\/page"}],"author":[{"embeddable":true,"href":"https:\/\/idassure.eu\/es\/wp-json\/wp\/v2\/users\/1"}],"replies":[{"embeddable":true,"href":"https:\/\/idassure.eu\/es\/wp-json\/wp\/v2\/comments?post=387"}],"version-history":[{"count":4,"href":"https:\/\/idassure.eu\/es\/wp-json\/wp\/v2\/pages\/387\/revisions"}],"predecessor-version":[{"id":2449,"href":"https:\/\/idassure.eu\/es\/wp-json\/wp\/v2\/pages\/387\/revisions\/2449"}],"wp:attachment":[{"href":"https:\/\/idassure.eu\/es\/wp-json\/wp\/v2\/media?parent=387"}],"curies":[{"name":"wp","href":"https:\/\/api.w.org\/{rel}","templated":true}]}}