{"id":431,"date":"2024-04-08T15:55:52","date_gmt":"2024-04-08T13:55:52","guid":{"rendered":"https:\/\/idassure.eu\/faq\/"},"modified":"2024-05-28T15:08:46","modified_gmt":"2024-05-28T13:08:46","slug":"haeufig-gestellte-fragen","status":"publish","type":"page","link":"https:\/\/idassure.eu\/de\/haeufig-gestellte-fragen\/","title":{"rendered":"H\u00c4UFIG GESTELLTE FRAGEN"},"content":{"rendered":"<div class=\"wpb-content-wrapper\"><p>[vc_row css_animation=&#8220;&#8220; row_type=&#8220;row&#8220; use_row_as_full_screen_section=&#8220;no&#8220; type=&#8220;full_width&#8220; angled_section=&#8220;no&#8220; text_align=&#8220;left&#8220; background_image_as_pattern=&#8220;without_pattern&#8220; el_class=&#8220;blue-object-page-2&#8243; z_index=&#8220;&#8220;][vc_column][vc_single_image image=&#8220;66&#8243; img_size=&#8220;full&#8220; qode_css_animation=&#8220;&#8220;][\/vc_column][\/vc_row][vc_row css_animation=&#8220;&#8220; row_type=&#8220;row&#8220; use_row_as_full_screen_section=&#8220;no&#8220; type=&#8220;grid&#8220; angled_section=&#8220;no&#8220; text_align=&#8220;left&#8220; background_image_as_pattern=&#8220;without_pattern&#8220; z_index=&#8220;&#8220;][vc_column][vc_empty_space height=&#8220;60px&#8220;][vc_column_text]<\/p>\n<h1 style=\"text-align: center;\">Short Term <span style=\"color: #fab933;\">FAQ<\/span><\/h1>\n<p>[\/vc_column_text][vc_empty_space height=&#8220;20px&#8220;][vc_column_text]<\/p>\n<p style=\"text-align: center;\">H\u00e4ufige Fragen Brauchst du Hilfe? Lies unsere FAQs.<\/p>\n<p>[\/vc_column_text][vc_empty_space height=&#8220;60px&#8220;][vc_row_inner row_type=&#8220;row&#8220; type=&#8220;full_width&#8220; text_align=&#8220;left&#8220; css_animation=&#8220;&#8220; el_class=&#8220;faq-row&#8220;][vc_column_inner el_class=&#8220;faq-box&#8220; width=&#8220;1\/2&#8243;][vc_column_text el_class=&#8220;answer&#8220;]<\/p>\n<h4 class=\"number\">1<\/h4>\n<h4>F\u00fcr wen eignet sich das Short Term Dive Protection Programm?<\/h4>\n<p>[\/vc_column_text][vc_empty_space height=&#8220;30px&#8220;][vc_column_text el_class=&#8220;years-list&#8220;]F\u00fcr alle Tauchbasen, -Schulen und -Vereine.[\/vc_column_text][vc_single_image image=&#8220;67&#8243; img_size=&#8220;full&#8220; qode_css_animation=&#8220;&#8220;][\/vc_column_inner][vc_column_inner el_class=&#8220;faq-box&#8220; width=&#8220;1\/2&#8243;][vc_column_text el_class=&#8220;answer&#8220;]<\/p>\n<h4 class=\"number\">2<\/h4>\n<h4>Worum geht es bei diesem Programm?<\/h4>\n<p>[\/vc_column_text][vc_empty_space height=&#8220;30px&#8220;][vc_column_text el_class=&#8220;years-list&#8220;]Durch die Teilnahme k\u00f6nnen Tauchbasen den eigenen Kunden Versicherungen mit unterschiedlicher Dauer anbieten. Die Qualit\u00e4t der medizinischen Unterst\u00fctzung ist durch DAN Europe garantiert.[\/vc_column_text][vc_single_image image=&#8220;67&#8243; img_size=&#8220;full&#8220; qode_css_animation=&#8220;&#8220;][\/vc_column_inner][\/vc_row_inner][vc_row_inner row_type=&#8220;row&#8220; type=&#8220;full_width&#8220; text_align=&#8220;left&#8220; css_animation=&#8220;&#8220; el_class=&#8220;faq-row&#8220;][vc_column_inner el_class=&#8220;faq-box&#8220; width=&#8220;1\/2&#8243;][vc_column_text el_class=&#8220;answer&#8220;]<\/p>\n<h4 class=\"number\">3<\/h4>\n<h4>Warum sollte man sich anmelden?<\/h4>\n<p>[\/vc_column_text][vc_empty_space height=&#8220;30px&#8220;][vc_column_text el_class=&#8220;years-list&#8220;]Zum Schutz Deiner Kunden durch ein \u00e4u\u00dferst praktisches Programm. Dank der kostenlosen Notfallnummer des rund um die Uhr erreichbaren DAN Europe Notfallzentrums und dank DANs \u00fcber 30 Jahren Erfahrung kannst Du einen verl\u00e4sslichen Service zu \u00e4u\u00dferst wettbewerbsf\u00e4higen Preisen offerieren.[\/vc_column_text][vc_single_image image=&#8220;67&#8243; img_size=&#8220;full&#8220; qode_css_animation=&#8220;&#8220;][\/vc_column_inner][vc_column_inner el_class=&#8220;faq-box&#8220; width=&#8220;1\/2&#8243;][vc_column_text el_class=&#8220;answer&#8220;]<\/p>\n<h4 class=\"number\">4<\/h4>\n<h4>Okay, ich bin angemeldet. Was passiert jetzt?<\/h4>\n<p>[\/vc_column_text][vc_empty_space height=&#8220;30px&#8220;][vc_column_text el_class=&#8220;years-list&#8220;]An dieser Stelle, musst Du nur noch Dein Guthaben aufladen und schon kann es losgehen. Daf\u00fcr gehst Du bitte in Deinem\u00a0<a class=\"external-link\" href=\"https:\/\/mydan.daneurope.org\/login?p_p_id=58&amp;p_p_lifecycle=0&amp;_58_redirect=%2Fgroup%2Fguest%2Fshort-term-partner\" rel=\"nofollow\">Short Term Partner Konto\u00a0<\/a>zum Bereich \u201eAufladen\u201d und w\u00e4hlst einen Betrag aus.[\/vc_column_text][vc_single_image image=&#8220;67&#8243; img_size=&#8220;full&#8220; qode_css_animation=&#8220;&#8220;][\/vc_column_inner][\/vc_row_inner][vc_row_inner row_type=&#8220;row&#8220; type=&#8220;full_width&#8220; text_align=&#8220;left&#8220; css_animation=&#8220;&#8220; el_class=&#8220;faq-row&#8220;][vc_column_inner el_class=&#8220;faq-box&#8220; width=&#8220;1\/2&#8243;][vc_column_text el_class=&#8220;answer&#8220;]<\/p>\n<h4 class=\"number\">5<\/h4>\n<h4>Wie aktiviere ich die Versichungspl\u00e4ne meiner Kunden?<\/h4>\n<p>[\/vc_column_text][vc_empty_space height=&#8220;30px&#8220;][vc_column_text el_class=&#8220;years-list&#8220;]Nachdem Du Dein Guthaben aufgeladen hast:<\/p>\n<p><a href=\"https:\/\/idassure.eu\/de\/login\/\">-Anmelden<\/a><br \/>\n-Auf \u201cShort Term Partner\u201d klicken<br \/>\n-Versicherungsdauer ausw\u00e4hlen<br \/>\n-Die pers\u00f6nlichen Daten des Kunden eingeben<br \/>\n-Auswahl best\u00e4tigen[\/vc_column_text][vc_empty_space height=&#8220;15px&#8220;][vc_column_text el_class=&#8220;years-list&#8220;]Sobald Du alles erledigt hast, werden die Kosten der Versicherung von Deinem aktuellen Guthaben abgezogen.[\/vc_column_text][vc_single_image image=&#8220;67&#8243; img_size=&#8220;full&#8220; qode_css_animation=&#8220;&#8220;][\/vc_column_inner][vc_column_inner el_class=&#8220;faq-box&#8220; width=&#8220;1\/2&#8243;][vc_column_text el_class=&#8220;answer&#8220;]<\/p>\n<h4 class=\"number\">6<\/h4>\n<h4>Wo sind diese Pl\u00e4ne g\u00fcltig?<\/h4>\n<p>[\/vc_column_text][vc_empty_space height=&#8220;30px&#8220;][vc_column_text el_class=&#8220;years-list&#8220;]Sie gelten ausschliesslich in dem Land, in dem sich Dein Unternehmen befindet.[\/vc_column_text][vc_empty_space height=&#8220;15px&#8220;][vc_column_text el_class=&#8220;years-list&#8220;]Nur der 365-Tage-Plan, der f\u00fcr spanische Tauchzentren verf\u00fcgbar ist, ist weltweit g\u00fcltig.[\/vc_column_text][vc_single_image image=&#8220;67&#8243; img_size=&#8220;full&#8220; qode_css_animation=&#8220;&#8220;][\/vc_column_inner][\/vc_row_inner][vc_row_inner row_type=&#8220;row&#8220; type=&#8220;full_width&#8220; text_align=&#8220;left&#8220; css_animation=&#8220;&#8220; el_class=&#8220;faq-row&#8220;][vc_column_inner el_class=&#8220;faq-box&#8220; width=&#8220;1\/2&#8243;][vc_column_text el_class=&#8220;answer&#8220;]<\/p>\n<h4 class=\"number\">7<\/h4>\n<h4>Was bekommen meine Kunden?<\/h4>\n<p>[\/vc_column_text][vc_empty_space height=&#8220;30px&#8220;][vc_column_text el_class=&#8220;years-list&#8220;]Sie erhalten eine Best\u00e4tigungsemail mit einer Zusammenfassung der Versicherung, f\u00fcr die sie bezahlt haben.[\/vc_column_text][vc_single_image image=&#8220;67&#8243; img_size=&#8220;full&#8220; qode_css_animation=&#8220;&#8220;][\/vc_column_inner][\/vc_row_inner][\/vc_column][\/vc_row][vc_row css_animation=&#8220;&#8220; row_type=&#8220;row&#8220; use_row_as_full_screen_section=&#8220;no&#8220; type=&#8220;full_width&#8220; angled_section=&#8220;no&#8220; text_align=&#8220;left&#8220; background_image_as_pattern=&#8220;without_pattern&#8220; el_class=&#8220;yellow-object-page-2&#8243; z_index=&#8220;19&#8243;][vc_column][vc_single_image image=&#8220;190&#8243; img_size=&#8220;full&#8220; qode_css_animation=&#8220;&#8220;][\/vc_column][\/vc_row]<\/p>\n<\/div>","protected":false},"excerpt":{"rendered":"<p>[vc_row css_animation=&#8220;&#8220; row_type=&#8220;row&#8220; use_row_as_full_screen_section=&#8220;no&#8220; type=&#8220;full_width&#8220; angled_section=&#8220;no&#8220; text_align=&#8220;left&#8220; background_image_as_pattern=&#8220;without_pattern&#8220; el_class=&#8220;blue-object-page-2&#8243; z_index=&#8220;&#8220;][vc_column][vc_single_image image=&#8220;66&#8243; img_size=&#8220;full&#8220; qode_css_animation=&#8220;&#8220;][\/vc_column][\/vc_row][vc_row css_animation=&#8220;&#8220; row_type=&#8220;row&#8220; use_row_as_full_screen_section=&#8220;no&#8220; type=&#8220;grid&#8220; angled_section=&#8220;no&#8220; text_align=&#8220;left&#8220; background_image_as_pattern=&#8220;without_pattern&#8220; z_index=&#8220;&#8220;][vc_column][vc_empty_space height=&#8220;60px&#8220;][vc_column_text] Short Term FAQ [\/vc_column_text][vc_empty_space height=&#8220;20px&#8220;][vc_column_text] H\u00e4ufige Fragen Brauchst du Hilfe? Lies unsere FAQs. [\/vc_column_text][vc_empty_space height=&#8220;60px&#8220;][vc_row_inner row_type=&#8220;row&#8220; type=&#8220;full_width&#8220; text_align=&#8220;left&#8220; css_animation=&#8220;&#8220; el_class=&#8220;faq-row&#8220;][vc_column_inner el_class=&#8220;faq-box&#8220; width=&#8220;1\/2&#8243;][vc_column_text el_class=&#8220;answer&#8220;]&#8230;<\/p>\n","protected":false},"author":1,"featured_media":0,"parent":0,"menu_order":0,"comment_status":"closed","ping_status":"closed","template":"full_width.php","meta":{"footnotes":""},"class_list":["post-431","page","type-page","status-publish","hentry"],"_links":{"self":[{"href":"https:\/\/idassure.eu\/de\/wp-json\/wp\/v2\/pages\/431","targetHints":{"allow":["GET"]}}],"collection":[{"href":"https:\/\/idassure.eu\/de\/wp-json\/wp\/v2\/pages"}],"about":[{"href":"https:\/\/idassure.eu\/de\/wp-json\/wp\/v2\/types\/page"}],"author":[{"embeddable":true,"href":"https:\/\/idassure.eu\/de\/wp-json\/wp\/v2\/users\/1"}],"replies":[{"embeddable":true,"href":"https:\/\/idassure.eu\/de\/wp-json\/wp\/v2\/comments?post=431"}],"version-history":[{"count":6,"href":"https:\/\/idassure.eu\/de\/wp-json\/wp\/v2\/pages\/431\/revisions"}],"predecessor-version":[{"id":1373,"href":"https:\/\/idassure.eu\/de\/wp-json\/wp\/v2\/pages\/431\/revisions\/1373"}],"wp:attachment":[{"href":"https:\/\/idassure.eu\/de\/wp-json\/wp\/v2\/media?parent=431"}],"curies":[{"name":"wp","href":"https:\/\/api.w.org\/{rel}","templated":true}]}}