{"id":394,"date":"2024-04-03T16:26:44","date_gmt":"2024-04-03T14:26:44","guid":{"rendered":"https:\/\/idassure.eu\/file-a-claim\/"},"modified":"2025-09-24T14:48:54","modified_gmt":"2025-09-24T12:48:54","slug":"anspruch-einreichen","status":"publish","type":"page","link":"https:\/\/idassure.eu\/de\/anspruch-einreichen\/","title":{"rendered":"Anspruch einreichen"},"content":{"rendered":"<div class=\"wpb-content-wrapper\"><p>[vc_row css_animation=&#8220;&#8220; row_type=&#8220;row&#8220; use_row_as_full_screen_section=&#8220;no&#8220; type=&#8220;full_width&#8220; angled_section=&#8220;no&#8220; text_align=&#8220;left&#8220; background_image_as_pattern=&#8220;without_pattern&#8220; el_class=&#8220;yellow-object-page&#8220; z_index=&#8220;&#8220;][vc_column][vc_single_image image=&#8220;61&#8243; img_size=&#8220;full&#8220; qode_css_animation=&#8220;&#8220;][\/vc_column][\/vc_row][vc_row css_animation=&#8220;&#8220; row_type=&#8220;row&#8220; use_row_as_full_screen_section=&#8220;no&#8220; type=&#8220;grid&#8220; angled_section=&#8220;no&#8220; text_align=&#8220;left&#8220; background_image_as_pattern=&#8220;without_pattern&#8220; z_index=&#8220;&#8220;][vc_column][vc_empty_space height=&#8220;100px&#8220;][vc_column_text]<\/p>\n<h1><span style=\"color: #fab933;\">Anspruch einreichen<\/span><\/h1>\n<p>[\/vc_column_text][vc_empty_space height=&#8220;30px&#8220;][vc_column_text]<\/p>\n<p data-renderer-start-pos=\"12008\">Bei Ereignissen, die einen Anspruch gem\u00e4\u00df dieser Versicherung rechtfertigen, muss die versicherte Person (oder ein gesetzlicher Vertreter) sich schnellstm\u00f6glich an unser B\u00fcro wenden:<\/p>\n<p>[\/vc_column_text][vc_empty_space height=&#8220;30px&#8220;][vc_column_text css=&#8220;&#8220;]<span style=\"text-decoration: underline;\">IDA Insurance Limited &#8211; Claims Department<\/span><br \/>\n<span style=\"text-decoration: underline;\">113, Kappara Business Centre, Office 402<\/span><br \/>\n<span style=\"text-decoration: underline;\">Triq Birkirkara<\/span><br \/>\n<span style=\"text-decoration: underline;\">San Gwann SGN 4197<\/span><br \/>\n<span style=\"text-decoration: underline;\">Malta<\/span><br \/>\n<span style=\"text-decoration: underline;\">Telephone: <a style=\"text-decoration: underline;\" href=\"tel:+35620161600\">+356 2016 1600<\/a><\/span><br \/>\n<span style=\"text-decoration: underline;\">Email: <a style=\"text-decoration: underline;\" href=\"mailto:claims@idassure.eu\">claims@idassure.eu<\/a><\/span>[\/vc_column_text][vc_empty_space height=&#8220;30px&#8220;][vc_column_text el_class=&#8220;custom-list&#8220;]<\/p>\n<ol>\n<li>Machen Sie Angaben zu den Umst\u00e4nden des Vorfalls und fordern Sie ein Anspruchsformular an. Halten Sie Ihre DAN-Mitgliedsnummer oder die Versicherungsnummer bereit.<\/li>\n<li>Senden Sie das ausgef\u00fcllte Formular mit allen von uns angeforderten Dokumenten zur\u00fcck. Anspr\u00fcche m\u00fcssen durch vom Versicherer angeforderte Rechnungsbelege und andere Dokumente wie Sch\u00e4tzungen, medizinische Berichte, Polizeiberichte usw. gest\u00fctzt sein. Der Versicherer bearbeitet den Anspuch, wenn alle relevanten Dokumente eingereicht sind. In manchen F\u00e4llen kann schnelleres Handeln erforderlich sein um sicherzustellen, dass der Anspruch gewahrt bleibt.<\/li>\n<\/ol>\n<p>[\/vc_column_text][vc_empty_space height=&#8220;30px&#8220;][vc_column_text]Bei Anspruch auf Erstattung von Behandlungskosten, wenden Sie sich an die 24-Stunden-Notfallzentrale:[\/vc_column_text][vc_empty_space height=&#8220;30px&#8220;][vc_column_text el_class=&#8220;custom-list&#8220;]<\/p>\n<ol>\n<li>sp\u00e4testens 14 tage nach dem Vorfall oder dem ersten Eintreten eines sich wiederholenden Vorfalls. Bei Vorf\u00e4llen auf Reisen sp\u00e4testens 14 Tage nach R\u00fcckkehr. Wenn Ihr Vertrag eine \u2018Travel No-Limits\u2019 Erweiterung beinhaltet, m\u00fcssen Sie uns innerhalb von 14 Tagen nach dem Vorfall oder dem ersten Eintregen informieren.<\/li>\n<li>Anspr\u00fcche auf Erstattung von Behandlungskosten m\u00fcssen eingereicht werden, BEVOR:<br \/>\n<span style=\"color: #fab932;\">a.<\/span> die versicherte Person in ein Krankkenhaus, eine Klinik oder ein Pflegeheim eingewiesen wird;<br \/>\n<span style=\"color: #fab932;\">b.<\/span> R\u00fcckf\u00fchrung oder Krankentransport organisiert werden;<br \/>\n<span style=\"color: #fab932;\">c.<\/span> ein Verstorbener bestattet, kremiert oder r\u00fcckgef\u00fchrt wird;<br \/>\n<span style=\"color: #fab932;\">d.<\/span> eine \u00dcberweisung in ein Krankenhaus oder die R\u00fcckreise nach Hause organisiert wird;<br \/>\n<span style=\"color: #fab932;\">e.<\/span> sonstige Kosten entstehen.<\/li>\n<\/ol>\n<p>[\/vc_column_text][vc_empty_space height=&#8220;120px&#8220;][\/vc_column][\/vc_row][vc_row css_animation=&#8220;&#8220; row_type=&#8220;row&#8220; use_row_as_full_screen_section=&#8220;no&#8220; type=&#8220;full_width&#8220; angled_section=&#8220;no&#8220; text_align=&#8220;left&#8220; background_image_as_pattern=&#8220;without_pattern&#8220; el_class=&#8220;blue-object-page&#8220; z_index=&#8220;&#8220;][vc_column][vc_single_image image=&#8220;63&#8243; img_size=&#8220;full&#8220; qode_css_animation=&#8220;&#8220;][\/vc_column][\/vc_row]<\/p>\n<\/div>","protected":false},"excerpt":{"rendered":"<p>[vc_row css_animation=&#8220;&#8220; row_type=&#8220;row&#8220; use_row_as_full_screen_section=&#8220;no&#8220; type=&#8220;full_width&#8220; angled_section=&#8220;no&#8220; text_align=&#8220;left&#8220; background_image_as_pattern=&#8220;without_pattern&#8220; el_class=&#8220;yellow-object-page&#8220; z_index=&#8220;&#8220;][vc_column][vc_single_image image=&#8220;61&#8243; img_size=&#8220;full&#8220; qode_css_animation=&#8220;&#8220;][\/vc_column][\/vc_row][vc_row css_animation=&#8220;&#8220; row_type=&#8220;row&#8220; use_row_as_full_screen_section=&#8220;no&#8220; type=&#8220;grid&#8220; angled_section=&#8220;no&#8220; text_align=&#8220;left&#8220; background_image_as_pattern=&#8220;without_pattern&#8220; z_index=&#8220;&#8220;][vc_column][vc_empty_space height=&#8220;100px&#8220;][vc_column_text] Anspruch einreichen [\/vc_column_text][vc_empty_space height=&#8220;30px&#8220;][vc_column_text] Bei Ereignissen, die einen Anspruch gem\u00e4\u00df dieser Versicherung rechtfertigen, muss die versicherte Person (oder ein gesetzlicher Vertreter) sich schnellstm\u00f6glich&#8230;<\/p>\n","protected":false},"author":1,"featured_media":0,"parent":0,"menu_order":0,"comment_status":"closed","ping_status":"closed","template":"full_width.php","meta":{"footnotes":""},"class_list":["post-394","page","type-page","status-publish","hentry"],"_links":{"self":[{"href":"https:\/\/idassure.eu\/de\/wp-json\/wp\/v2\/pages\/394","targetHints":{"allow":["GET"]}}],"collection":[{"href":"https:\/\/idassure.eu\/de\/wp-json\/wp\/v2\/pages"}],"about":[{"href":"https:\/\/idassure.eu\/de\/wp-json\/wp\/v2\/types\/page"}],"author":[{"embeddable":true,"href":"https:\/\/idassure.eu\/de\/wp-json\/wp\/v2\/users\/1"}],"replies":[{"embeddable":true,"href":"https:\/\/idassure.eu\/de\/wp-json\/wp\/v2\/comments?post=394"}],"version-history":[{"count":4,"href":"https:\/\/idassure.eu\/de\/wp-json\/wp\/v2\/pages\/394\/revisions"}],"predecessor-version":[{"id":2447,"href":"https:\/\/idassure.eu\/de\/wp-json\/wp\/v2\/pages\/394\/revisions\/2447"}],"wp:attachment":[{"href":"https:\/\/idassure.eu\/de\/wp-json\/wp\/v2\/media?parent=394"}],"curies":[{"name":"wp","href":"https:\/\/api.w.org\/{rel}","templated":true}]}}