{"id":379,"date":"2024-04-03T16:27:01","date_gmt":"2024-04-03T14:27:01","guid":{"rendered":"https:\/\/idassure.eu\/register-a-complaint\/"},"modified":"2026-01-16T13:32:37","modified_gmt":"2026-01-16T12:32:37","slug":"beschwerde-einreichen","status":"publish","type":"page","link":"https:\/\/idassure.eu\/de\/beschwerde-einreichen\/","title":{"rendered":"Beschwerde einreichen"},"content":{"rendered":"<div class=\"wpb-content-wrapper\"><p>[vc_row css_animation=&#8220;&#8220; row_type=&#8220;row&#8220; use_row_as_full_screen_section=&#8220;no&#8220; type=&#8220;full_width&#8220; angled_section=&#8220;no&#8220; text_align=&#8220;left&#8220; background_image_as_pattern=&#8220;without_pattern&#8220; el_class=&#8220;yellow-object-page&#8220; z_index=&#8220;&#8220;][vc_column][vc_single_image image=&#8220;61&#8243; img_size=&#8220;full&#8220; qode_css_animation=&#8220;&#8220;][\/vc_column][\/vc_row][vc_row css_animation=&#8220;&#8220; row_type=&#8220;row&#8220; use_row_as_full_screen_section=&#8220;no&#8220; type=&#8220;grid&#8220; angled_section=&#8220;no&#8220; text_align=&#8220;left&#8220; background_image_as_pattern=&#8220;without_pattern&#8220; z_index=&#8220;&#8220;][vc_column][vc_empty_space height=&#8220;100px&#8220;][vc_column_text]<\/p>\n<h1><span style=\"color: #fab933;\">Beschwerden<\/span><\/h1>\n<p>[\/vc_column_text][vc_empty_space height=&#8220;30px&#8220;][vc_column_text]Wir sind bestrebt, unseren Kunden stets den bestm\u00f6glichen Service anzubieten. Wir sind uns jedoch bewusst, dass wir Fehler machen k\u00f6nnen. Sollten Sie mit einem Aspekt unserer Leistungen unzufrieden sein, wenden Sie sich bitte an:[\/vc_column_text][vc_empty_space height=&#8220;30px&#8220;][vc_column_text css=&#8220;&#8220;]<span style=\"text-decoration: underline;\">Complaints Management Function<\/span><br \/>\n<span style=\"text-decoration: underline;\">IDA Insurance Limited<\/span><br \/>\n<span style=\"text-decoration: underline;\">113, Kappara Business Centre, Office 402<\/span><br \/>\n<span style=\"text-decoration: underline;\">Triq Birkirkara<\/span><br \/>\n<span style=\"text-decoration: underline;\">San Gwann SGN 4197<\/span><br \/>\n<span style=\"text-decoration: underline;\">Malta<\/span>[\/vc_column_text][vc_empty_space height=&#8220;30px&#8220;][vc_column_text css=&#8220;&#8220; el_class=&#8220;custom-list&#8220;]Sie k\u00f6nnen auch eine E-Mail zu H\u00e4nden der Gesch\u00e4ftsf\u00fchrung an folgende Adresse senden: <a href=\"mailto:complaints@idassure.eu\">complaints@idassure.eu<\/a><br \/>\nSollten wir Ihre Beschwerde nicht zu Ihrer Zufriedenheit ausr\u00e4umen k\u00f6nnen, haben Sie die M\u00f6glichkeit, sich an die staatliche Beschwerdestelle zu wenden:[\/vc_column_text][vc_empty_space height=&#8220;30px&#8220;][vc_column_text css=&#8220;&#8220;]<span style=\"text-decoration: underline;\">Office of the Arbiter for Financial Services<\/span><br \/>\n<span style=\"text-decoration: underline;\">N\/S in Regional Road<\/span><br \/>\n<span style=\"text-decoration: underline;\">Msida MSD 1920<\/span><br \/>\n<span style=\"text-decoration: underline;\">Malta<\/span>[\/vc_column_text][vc_empty_space height=&#8220;30px&#8220;][vc_column_text css=&#8220;&#8220; el_class=&#8220;custom-list&#8220;]Weitere Informationen finden Sie unter: <a href=\"https:\/\/financialarbiter.org.mt\" target=\"_blank\" rel=\"noopener\">https:\/\/financialarbiter.org.mt<\/a><\/p>\n<p>&nbsp;<\/p>\n<p>Dar\u00fcber hinaus hat der Versicherungsnehmer das Recht, beim IVASS-Versicherungsombudsmann Beschwerde einzulegen. Weitere Informationen finden Sie auf der offiziellen Website des Ombudsmanns: <a href=\"https:\/\/www.arbitroassicurativo.org\/homepage\/index.html?com.dotmarketing.htmlpage.language=3\" target=\"_blank\" rel=\"noopener\">Homepage<\/a><\/p>\n<p>&nbsp;<\/p>\n<p>Au\u00dferdem k\u00f6nnen Sie sich an den Verbraucherschutz im Land Ihres Wohnsitzes wenden. N\u00e4here Informationen finden Sie <a href=\"https:\/\/idassure.eu\/wp-content\/uploads\/2024\/05\/List-of-Authorities-Travel-Operation-Complaints-section.pdf\">hier<\/a>.<br \/>\nDas Beschwerdeverfahren besteht unabh\u00e4ngig von m\u00f6glichen rechtlichen Schritten gegen IDA Insurance Limited (den Versicherer) und schlie\u00dft diese nicht aus.[\/vc_column_text][vc_empty_space height=&#8220;30px&#8220;][vc_column_text]<\/p>\n<h2><span style=\"color: #fab933;\">Beschwerdeverfahren<\/span><\/h2>\n<p>[\/vc_column_text][vc_empty_space height=&#8220;30px&#8220;][vc_column_text]Wir best\u00e4tigen den Eingang Ihrer Beschwerde sp\u00e4testens zum Ende des n\u00e4chsten Arbeitstags. Eine abschlie\u00dfende schriftliche Anwort k\u00f6nnen Sie sp\u00e4testens f\u00fcnfzehn (15) Arbeitstage nach Eingang der Beschwerde erwarten. Sollten Sie innerhalb dieser f\u00fcnfzehn (15) Arbeitstage keine abschlie\u00dfende schriftliche Antwort erhalten, informieren wir Sie \u00fcber den Grund der Verz\u00f6gerung und nennen Ihnen eine Frist f\u00fcr den Abschluss der Untersuchung.[\/vc_column_text][vc_empty_space height=&#8220;120px&#8220;][\/vc_column][\/vc_row][vc_row css_animation=&#8220;&#8220; row_type=&#8220;row&#8220; use_row_as_full_screen_section=&#8220;no&#8220; type=&#8220;full_width&#8220; angled_section=&#8220;no&#8220; text_align=&#8220;left&#8220; background_image_as_pattern=&#8220;without_pattern&#8220; el_class=&#8220;blue-object-page&#8220; z_index=&#8220;&#8220;][vc_column][vc_single_image image=&#8220;63&#8243; img_size=&#8220;full&#8220; qode_css_animation=&#8220;&#8220;][\/vc_column][\/vc_row]<\/p>\n<\/div>","protected":false},"excerpt":{"rendered":"<p>[vc_row css_animation=&#8220;&#8220; row_type=&#8220;row&#8220; use_row_as_full_screen_section=&#8220;no&#8220; type=&#8220;full_width&#8220; angled_section=&#8220;no&#8220; text_align=&#8220;left&#8220; background_image_as_pattern=&#8220;without_pattern&#8220; el_class=&#8220;yellow-object-page&#8220; z_index=&#8220;&#8220;][vc_column][vc_single_image image=&#8220;61&#8243; img_size=&#8220;full&#8220; qode_css_animation=&#8220;&#8220;][\/vc_column][\/vc_row][vc_row css_animation=&#8220;&#8220; row_type=&#8220;row&#8220; use_row_as_full_screen_section=&#8220;no&#8220; type=&#8220;grid&#8220; angled_section=&#8220;no&#8220; text_align=&#8220;left&#8220; background_image_as_pattern=&#8220;without_pattern&#8220; z_index=&#8220;&#8220;][vc_column][vc_empty_space height=&#8220;100px&#8220;][vc_column_text] Beschwerden [\/vc_column_text][vc_empty_space height=&#8220;30px&#8220;][vc_column_text]Wir sind bestrebt, unseren Kunden stets den bestm\u00f6glichen Service anzubieten. Wir sind uns jedoch bewusst, dass wir Fehler machen k\u00f6nnen. Sollten&#8230;<\/p>\n","protected":false},"author":1,"featured_media":0,"parent":0,"menu_order":0,"comment_status":"closed","ping_status":"closed","template":"full_width.php","meta":{"footnotes":""},"class_list":["post-379","page","type-page","status-publish","hentry"],"_links":{"self":[{"href":"https:\/\/idassure.eu\/de\/wp-json\/wp\/v2\/pages\/379","targetHints":{"allow":["GET"]}}],"collection":[{"href":"https:\/\/idassure.eu\/de\/wp-json\/wp\/v2\/pages"}],"about":[{"href":"https:\/\/idassure.eu\/de\/wp-json\/wp\/v2\/types\/page"}],"author":[{"embeddable":true,"href":"https:\/\/idassure.eu\/de\/wp-json\/wp\/v2\/users\/1"}],"replies":[{"embeddable":true,"href":"https:\/\/idassure.eu\/de\/wp-json\/wp\/v2\/comments?post=379"}],"version-history":[{"count":8,"href":"https:\/\/idassure.eu\/de\/wp-json\/wp\/v2\/pages\/379\/revisions"}],"predecessor-version":[{"id":7264,"href":"https:\/\/idassure.eu\/de\/wp-json\/wp\/v2\/pages\/379\/revisions\/7264"}],"wp:attachment":[{"href":"https:\/\/idassure.eu\/de\/wp-json\/wp\/v2\/media?parent=379"}],"curies":[{"name":"wp","href":"https:\/\/api.w.org\/{rel}","templated":true}]}}